{"id":2000,"date":"2022-02-02T15:30:37","date_gmt":"2022-02-02T14:30:37","guid":{"rendered":"https:\/\/www.aquaculture-welfare-standards.net\/?page_id=2000"},"modified":"2022-02-10T15:35:58","modified_gmt":"2022-02-10T14:35:58","slug":"questions-and-answers","status":"publish","type":"page","link":"https:\/\/www.aquaculture-welfare-standards.net\/en\/questions-and-answers\/","title":{"rendered":"Questions and answers"},"content":{"rendered":"\n\t\t\t<div id=\"block_617926873e1e2\" class=\"wp-block-archive  \">\n\t\t\t\t\t\t\n\t\t\t\t\t\t\n\t\t\t\t\n\t\t\t\t\t\t\t\n\t\t\t\t\t\t\t\t\n\t\t\t\t\t\t\t\t\n\t\t\t\t\t\t\t\t\t\n\t\t\t\t\t\t\t\t\t\n\t\t\t\t\t<form id=\"filter-searchform\" class=\"filter-searchform\" method=\"get\" action=\"https:\/\/www.aquaculture-welfare-standards.net\/en\/\" role=\"search\" onsubmit=\"if (this.s.value == '') { this.s.focus(); return false; }\">\n\t\t\t\t\t\t<i class=\"far fa-search\"><\/i>\n\t\t\t\t\t\t\n\t\t\t\t\t\t<input class=\"searchform__input\" type=\"search\" name=\"s\" placeholder=\"Enter your question to search for topics \u2026\" aria-label=\"Search\">\n\t\t\t\t\t\t\n\t\t\t\t\t\t<input type=\"hidden\" name=\"post_type\" value=\"faq\" \/>\n\t\t\t\t\t\t\n\t\t\t\t\t\t<button class=\"searchform__submit\" type=\"submit\" aria-label=\"Submit\">Search<\/button>\n\t\t\t\t\t<\/form>\n\t\t\t\t\t\n\t\t\t\t\t<div style=\"height:50px\" aria-hidden=\"true\" class=\"wp-block-spacer\"><\/div>\n\t\t\t\t\t\n\t\t\t\t\t<p class=\"has-medium-font-size has-text-align-center\">or filter by area:<\/p>\n\t\t\t\t\t\n\t\t\t\t\t<script>\n\t\t\t\t\t\tjQuery('document').ready(function($) {\n\t\t\t\t\t\t\tvar $filterOptions = $('.js-filter-options');\n\t\t\t\t\t\t\tvar $filterOption = $('.js-filter-option');\n\t\t\t\t\t\t\tvar $filterItem = $('.js-filter-item');\n\t\t\t\t\t\t\t\n\t\t\t\t\t\t\t$filterOption.on('click', function(e) {\n\t\t\t\t\t\t\t\tvar $option = $(this).attr('data-filter-option');\n\t\t\t\t\t\t\t\t\n\t\t\t\t\t\t\t  $('.js-filter-item[data-filter=' + $option + ']').stop().fadeIn();\t    \n\t\t\t\t\t\t\t  $filterItem.not('[data-filter=' + $option + ']').stop().fadeOut();\n\t\t\t\t\t\t\t  \n\t\t\t\t\t\t\t  $(this).addClass('active');\n\t\t\t\t\t\t\t  $filterOption.not(this).removeClass('active');\n\t\t\t\t\t\t\t\t\n\t\t\t\t\t\t\t\t\n\t\t\t\t\t\t\t\te.preventDefault();\n\t\t\t\t\t\t\t});\n\t\t\t\t\t\t});\n\t\t\t\t\t\t\n\t\t\t\t\t<\/script>\n\t\t\t\t\t\n\t\t\t\t\t<script>\n\t\t\t\t\t\t\n\t\t\t\t\t<\/script>\n\t\t\t\t\t\n\t\t\t\t\t<div id=\"filter\" class=\"flex-wrapper js-filter-options\">\n\t\t\t\t\t\t\t\t\t\t\t\t\t<a data-filter-option=\"awsi-working-method\" class=\"filter-item js-filter-option\">\n\t\t\t\t\t\t\t\t\t\t\t\t\t\t\t\t\n\t\t\t\t\t\t\t\t<p class=\"has-text-align-center has-no-margin-bottom\">AWSI working method<\/p>\n\t\t\t\t\t\t\t<\/a>\n\t\t\t\t\t\t\t\t\t\t\t\t\t<a data-filter-option=\"feeding\" class=\"filter-item js-filter-option\">\n\t\t\t\t\t\t\t\t\t\t\t\t\t\t\t\t\n\t\t\t\t\t\t\t\t<p class=\"has-text-align-center has-no-margin-bottom\">Feeding<\/p>\n\t\t\t\t\t\t\t<\/a>\n\t\t\t\t\t\t\t\t\t\t\t\t\t<a data-filter-option=\"pain\" class=\"filter-item js-filter-option\">\n\t\t\t\t\t\t\t\t\t\t\t\t\t\t\t\t\n\t\t\t\t\t\t\t\t<p class=\"has-text-align-center has-no-margin-bottom\">Pain<\/p>\n\t\t\t\t\t\t\t<\/a>\n\t\t\t\t\t\t\t\t\t\t\t\t\t<a data-filter-option=\"product-quality\" class=\"filter-item js-filter-option\">\n\t\t\t\t\t\t\t\t\t\t\t\t\t\t\t\t\n\t\t\t\t\t\t\t\t<p class=\"has-text-align-center has-no-margin-bottom\">Product quality<\/p>\n\t\t\t\t\t\t\t<\/a>\n\t\t\t\t\t\t\t\t\t\t\t\t\t<a data-filter-option=\"recommendations-in-general\" class=\"filter-item js-filter-option\">\n\t\t\t\t\t\t\t\t\t\t\t\t\t\t\t\t\n\t\t\t\t\t\t\t\t<p class=\"has-text-align-center has-no-margin-bottom\">Recommendations in general<\/p>\n\t\t\t\t\t\t\t<\/a>\n\t\t\t\t\t\t\t\t\t\t\t\t\t<a data-filter-option=\"transport-2\" class=\"filter-item js-filter-option\">\n\t\t\t\t\t\t\t\t\t\t\t\t\t\t\t\t\n\t\t\t\t\t\t\t\t<p class=\"has-text-align-center has-no-margin-bottom\">Transport<\/p>\n\t\t\t\t\t\t\t<\/a>\n\t\t\t\t\t\t\t\t\t\t\t<\/div>\n\t\t\t\t\t\n\t\t\t\t\t<div style=\"height:100px\" aria-hidden=\"true\" class=\"wp-block-spacer\"><\/div>\n\t\t\t\t\n\t\t\t\t\t<div class=\"js-filter-items\">\n\t\t\t\t\t\t\t\t\t\t\t\t\n\t\t\t\t\t\t\t\t\t\t\t\t\t\t\n\t\t\t\t\t\t\t\t\t\t\t\t\t\t\t \t\t\n\t\t\t\t\t\t\t\t\t\t\t\t\t\t\t<div class=\"js-filter-item\" data-filter=\"awsi-working-method\">\n\t\t\t\t\t\t\t\t\t<h2 class=\"has-text-align-center\">AWSI working method<\/h2>\n\t\t\t\t\t\t\t\t\t<div class=\"has-text-align-center\"><\/div>\n\t\t\t\t\t\t\t\t\t\n\t\t\t\t\t\t\t\t\t<div style=\"height:50px\" aria-hidden=\"true\" class=\"wp-block-spacer\"><\/div>\n\t\t\t\t\t\t\t\t\t\n\t\t\t\t\t\t\t\t\t<div class=\"faq-accordion\">\n\t\t\t\t\t\t\t\t\t\t\t\t\t\t\t\t\t\t\t\t\n\t\t\t\t\t\t\t\t\t\t\t\t\t\t\t\t\t\t\t\t\t\t\t\t\t\t\t\t\t\t\t\t\n\t\t\t\t\t\t\t\t\t\t\t<div class=\"accordion-item\">\n\t\t\t\t\t\t\t\t\t\t\t\t\n\t\n\t\n\t<article id=\"post-2003\" class=\"post post-type-faq post-view-teaser post-scope- status-publish faqcategory-awsi-working-method clear article-faq element-article template-article-faq\">\n\t\n\t\t<h2 class=\"title has-medium-font-size accordion-header\">\n\t\t\tWhat are the advantages of working closely together with retailers?\t\t<\/h2>\n\t\t\t\t\n\t\t\t\t \n\t\t\t<div class=\"field field-body accordion-content clear\">\n\t\t\t\t\n<p>The food retail trade determines which products are included in its range. The consumer decision is based on the available range.<\/p>\n\n\n\n<p>However, product quality and existing certificates do not always play the decisive role in the purchase decision. It is often a price matter. If food retailers decide to offer only certified products in a product group, it is easier to implement better standards on the market.<\/p>\n\n\n\n<p>As soon as AWSI&#8217;s animal welfare recommendations are reflected in the well established certificates for foods from aquaculture, the retail trade can adapt its product range accordingly. The prerequisite for this is that enough producers follow the recommendations. AWSI&#8217;s work aims to accelerate this process. <\/p>\n\t\t\t<\/div>\n\t\t\t\n\t<\/article>\n\n\t\t\t\t\t\t\t\t\t\t\t<\/div>\n\t\t\t\t\t\t\t\t\t\t\t\n\t\t\t\t\t\t\t\t\t\t\t\t\t\t\t\t\t\t\t<\/div>\n\t\t\t\t\t\t\t\t\t\t\n\t\t\t\t\t\t\t\t\t\n\t\t\t\t\t\t\t\t\t<div style=\"height:100px\" aria-hidden=\"true\" class=\"wp-block-spacer\"><\/div>\n\t\t\t\t\t\t\t\t<\/div>\n\t\t\t\t\t\t\t\t\t\t\t\t\t\t\n\t\t\t\t\t\t\t\t\t\t\t\t\n\t\t\t\t\t\t\t\t\t\t\t\t\t\t\n\t\t\t\t\t\t\t\t\t\t\t\t\t\t\t \t\t\n\t\t\t\t\t\t\t\t\t\t\t\t\t\t\t<div class=\"js-filter-item\" data-filter=\"feeding\">\n\t\t\t\t\t\t\t\t\t<h2 class=\"has-text-align-center\">Feeding<\/h2>\n\t\t\t\t\t\t\t\t\t<div class=\"has-text-align-center\"><\/div>\n\t\t\t\t\t\t\t\t\t\n\t\t\t\t\t\t\t\t\t<div style=\"height:50px\" aria-hidden=\"true\" class=\"wp-block-spacer\"><\/div>\n\t\t\t\t\t\t\t\t\t\n\t\t\t\t\t\t\t\t\t<div class=\"faq-accordion\">\n\t\t\t\t\t\t\t\t\t\t\t\t\t\t\t\t\t\t\t\t\n\t\t\t\t\t\t\t\t\t\t\t\t\t\t\t\t\t\t\t\t\t\t\t\t\t\t\t\t\t\t\t\t\n\t\t\t\t\t\t\t\t\t\t\t<div class=\"accordion-item\">\n\t\t\t\t\t\t\t\t\t\t\t\t\n\t\n\t\n\t<article id=\"post-2009\" class=\"post post-type-faq post-view-teaser post-scope- status-publish faqcategory-feeding clear article-faq element-article template-article-faq\">\n\t\n\t\t<h2 class=\"title has-medium-font-size accordion-header\">\n\t\t\tWhat does responsible feeding of fish in aquaculture mean?\t\t<\/h2>\n\t\t\t\t\n\t\t\t\t \n\t\t\t<div class=\"field field-body accordion-content clear\">\n\t\t\t\t\n<p>Responsible feeding of fish means feeding high quality food that is appropriate for the species and age of the fish, in adequate amounts and in a manner that is appropriate for the fish. There are feeds that float on the surface or sink to the bottom, and thus can be adjusted for the particular behavior of the fish. Feeding over a wide area ensures that all fish have access to the food, that there is less competitive behavior and fish population divergence, and that damage to the fish is avoided. <\/p>\n\n\n\n<p><\/p>\n\n\n\n<p><\/p>\n\t\t\t<\/div>\n\t\t\t\n\t<\/article>\n\n\t\t\t\t\t\t\t\t\t\t\t<\/div>\n\t\t\t\t\t\t\t\t\t\t\t\n\t\t\t\t\t\t\t\t\t\t\t\t\t\t\t\t\t\t\t\t\t\t\t\t\t\t\t\t\t\t\t\t\n\t\t\t\t\t\t\t\t\t\t\t<div class=\"accordion-item\">\n\t\t\t\t\t\t\t\t\t\t\t\t\n\t\n\t\n\t<article id=\"post-2011\" class=\"post post-type-faq post-view-teaser post-scope- status-publish faqcategory-feeding clear article-faq element-article template-article-faq\">\n\t\n\t\t<h2 class=\"title has-medium-font-size accordion-header\">\n\t\t\tWhy can&#8217;t fishmeal be completely eliminated from the diets of some aquatic animals?\t\t<\/h2>\n\t\t\t\t\n\t\t\t\t \n\t\t\t<div class=\"field field-body accordion-content clear\">\n\t\t\t\t\n<p>Using species-appropriate feeds in aquaculture is animal welfare friendly, but may conflict with efforts to provide sustainable feeds.&nbsp;<\/p>\n\n\n\n<p>While some cultured fish species are suitable for pure vegetarian rearing, other species require essential nutrients contained in fishmeal for their health, growth and welfare. Fish species such as salmon or trout cannot be raised in an animal welfare-friendly manner without these nutrients.<\/p>\n\n\n\n<p>Intensive research is currently being carried out to gradually substitute fish meal and fish oil in feed without causing animal welfare problems. The aim is to find suitable alternatives that are compatible with animal welfare and also ensure appropriate growth. For example, attempts are being made to provide the necessary essential nutrients by additionally feeding certain algae.<\/p>\n\n\n\n<p><\/p>\n\t\t\t<\/div>\n\t\t\t\n\t<\/article>\n\n\t\t\t\t\t\t\t\t\t\t\t<\/div>\n\t\t\t\t\t\t\t\t\t\t\t\n\t\t\t\t\t\t\t\t\t\t\t\t\t\t\t\t\t\t\t\t\t\t\t\t\t\t\t\t\t\t\t\t\n\t\t\t\t\t\t\t\t\t\t\t<div class=\"accordion-item\">\n\t\t\t\t\t\t\t\t\t\t\t\t\n\t\n\t\n\t<article id=\"post-2013\" class=\"post post-type-faq post-view-teaser post-scope- status-publish faqcategory-feeding clear article-faq element-article template-article-faq\">\n\t\n\t\t<h2 class=\"title has-medium-font-size accordion-header\">\n\t\t\tWhy doesn&#8217;t AWSI give recommendations on the amount of feed?\t\t<\/h2>\n\t\t\t\t\n\t\t\t\t \n\t\t\t<div class=\"field field-body accordion-content clear\">\n\t\t\t\t\n<p>The adequate amount of feed is fish species and age specific. Most feed manufacturers give sound recommendations on the dosage of their feeds.<\/p>\n\n\n\n<p>It is important to note that the water quality must not deteriorate due to excessive feeding. The food must be well absorbed and utilized by the fish. For some fish species, it is also important to pay attention to temperature-dependent feeding. If the water is too cold or too warm, the appetite suffers.<\/p>\n\t\t\t<\/div>\n\t\t\t\n\t<\/article>\n\n\t\t\t\t\t\t\t\t\t\t\t<\/div>\n\t\t\t\t\t\t\t\t\t\t\t\n\t\t\t\t\t\t\t\t\t\t\t\t\t\t\t\t\t\t\t<\/div>\n\t\t\t\t\t\t\t\t\t\t\n\t\t\t\t\t\t\t\t\t\n\t\t\t\t\t\t\t\t\t<div style=\"height:100px\" aria-hidden=\"true\" class=\"wp-block-spacer\"><\/div>\n\t\t\t\t\t\t\t\t<\/div>\n\t\t\t\t\t\t\t\t\t\t\t\t\t\t\n\t\t\t\t\t\t\t\t\t\t\t\t\n\t\t\t\t\t\t\t\t\t\t\t\t\t\t\n\t\t\t\t\t\t\t\t\t\t\t\t\t\t\t \t\t\n\t\t\t\t\t\t\t\t\t\t\t\t\t\t\t<div class=\"js-filter-item\" data-filter=\"pain\">\n\t\t\t\t\t\t\t\t\t<h2 class=\"has-text-align-center\">Pain<\/h2>\n\t\t\t\t\t\t\t\t\t<div class=\"has-text-align-center\"><\/div>\n\t\t\t\t\t\t\t\t\t\n\t\t\t\t\t\t\t\t\t<div style=\"height:50px\" aria-hidden=\"true\" class=\"wp-block-spacer\"><\/div>\n\t\t\t\t\t\t\t\t\t\n\t\t\t\t\t\t\t\t\t<div class=\"faq-accordion\">\n\t\t\t\t\t\t\t\t\t\t\t\t\t\t\t\t\t\t\t\t\n\t\t\t\t\t\t\t\t\t\t\t\t\t\t\t\t\t\t\t\t\t\t\t\t\t\t\t\t\t\t\t\t\n\t\t\t\t\t\t\t\t\t\t\t<div class=\"accordion-item\">\n\t\t\t\t\t\t\t\t\t\t\t\t\n\t\n\t\n\t<article id=\"post-2018\" class=\"post post-type-faq post-view-teaser post-scope- status-publish faqcategory-pain clear article-faq element-article template-article-faq\">\n\t\n\t\t<h2 class=\"title has-medium-font-size accordion-header\">\n\t\t\tDo fish feel pain?\t\t<\/h2>\n\t\t\t\t\n\t\t\t\t \n\t\t\t<div class=\"field field-body accordion-content clear\">\n\t\t\t\t\n<p>According to scientific studies, fish have pain receptors and the stimuli are transmitted to the brain.&nbsp;A potential pain stimulus activates areas in the brain of the fish that most likely perform the same task for the fish&#8217;s perception as the areas of conscious pain perception in more highly developed vertebrates. In addition, behavioral patterns and decisions of fish &#8211; for example, the learned avoidance of situations associated with injury &#8211; indicate a conscious perception of pain.<\/p>\n\n\n\n<p>More information (available in German only) can be found here: <a rel=\"noreferrer noopener\" href=\"https:\/\/www.aquakulturinfo.de\/schmerzempfindung-bei-fischen\" target=\"_blank\">https:\/\/www.aquakulturinfo.de\/schmerzempfindung-bei-fischen<\/a><\/p>\n\t\t\t<\/div>\n\t\t\t\n\t<\/article>\n\n\t\t\t\t\t\t\t\t\t\t\t<\/div>\n\t\t\t\t\t\t\t\t\t\t\t\n\t\t\t\t\t\t\t\t\t\t\t\t\t\t\t\t\t\t\t<\/div>\n\t\t\t\t\t\t\t\t\t\t\n\t\t\t\t\t\t\t\t\t\n\t\t\t\t\t\t\t\t\t<div style=\"height:100px\" aria-hidden=\"true\" class=\"wp-block-spacer\"><\/div>\n\t\t\t\t\t\t\t\t<\/div>\n\t\t\t\t\t\t\t\t\t\t\t\t\t\t\n\t\t\t\t\t\t\t\t\t\t\t\t\n\t\t\t\t\t\t\t\t\t\t\t\t\t\t\n\t\t\t\t\t\t\t\t\t\t\t\t\t\t\t \t\t\n\t\t\t\t\t\t\t\t\t\t\t\t\t\t\t<div class=\"js-filter-item\" data-filter=\"product-quality\">\n\t\t\t\t\t\t\t\t\t<h2 class=\"has-text-align-center\">Product quality<\/h2>\n\t\t\t\t\t\t\t\t\t<div class=\"has-text-align-center\"><\/div>\n\t\t\t\t\t\t\t\t\t\n\t\t\t\t\t\t\t\t\t<div style=\"height:50px\" aria-hidden=\"true\" class=\"wp-block-spacer\"><\/div>\n\t\t\t\t\t\t\t\t\t\n\t\t\t\t\t\t\t\t\t<div class=\"faq-accordion\">\n\t\t\t\t\t\t\t\t\t\t\t\t\t\t\t\t\t\t\t\t\n\t\t\t\t\t\t\t\t\t\t\t\t\t\t\t\t\t\t\t\t\t\t\t\t\t\t\t\t\t\t\t\t\n\t\t\t\t\t\t\t\t\t\t\t<div class=\"accordion-item\">\n\t\t\t\t\t\t\t\t\t\t\t\t\n\t\n\t\n\t<article id=\"post-2015\" class=\"post post-type-faq post-view-teaser post-scope- status-publish faqcategory-product-quality clear article-faq element-article template-article-faq\">\n\t\n\t\t<h2 class=\"title has-medium-font-size accordion-header\">\n\t\t\tWhat effect do AWSI&#8217;s animal welfare recommendations have on food quality?\t\t<\/h2>\n\t\t\t\t\n\t\t\t\t \n\t\t\t<div class=\"field field-body accordion-content clear\">\n\t\t\t\t\n<p>Scientific studies show that the meat of stressed fish has poorer product quality than the meat of fish that have not been exposed to stress factors. Severe or repetitive stress can lead to altered color, tissue fluid leakage and structural changes in the filet, as well as weight loss during freezing and smoking.&nbsp;  <\/p>\n\n\n\n<p>By implementing the animal welfare measures from AWSI&#8217;s recommendations, stress can be reduced to the utmost extent. This improves food quality.<\/p>\n\n\n\n<p>Source: Wedekind, H. (2004) <em>Lebensmittelqualit\u00e4t beim Fisch &#8211; Konsequenzen f\u00fcr die H\u00e4lterung und Aufbewahrung<\/em>. Seminar \u00bbTierschutz in der Fischerei\u00ab, edition 2, series of the Fisheries Association of the state of Baden-Wurttemberg (Landesfischereiverbandes Baden-W\u00fcrttemberg e.V.).<\/p>\n\n\n\n<p><\/p>\n\t\t\t<\/div>\n\t\t\t\n\t<\/article>\n\n\t\t\t\t\t\t\t\t\t\t\t<\/div>\n\t\t\t\t\t\t\t\t\t\t\t\n\t\t\t\t\t\t\t\t\t\t\t\t\t\t\t\t\t\t\t<\/div>\n\t\t\t\t\t\t\t\t\t\t\n\t\t\t\t\t\t\t\t\t\n\t\t\t\t\t\t\t\t\t<div style=\"height:100px\" aria-hidden=\"true\" class=\"wp-block-spacer\"><\/div>\n\t\t\t\t\t\t\t\t<\/div>\n\t\t\t\t\t\t\t\t\t\t\t\t\t\t\n\t\t\t\t\t\t\t\t\t\t\t\t\n\t\t\t\t\t\t\t\t\t\t\t\t\t\t\n\t\t\t\t\t\t\t\t\t\t\t\t\t\t\t \t\t\n\t\t\t\t\t\t\t\t\t\t\t\t\t\t\t<div class=\"js-filter-item\" data-filter=\"recommendations-in-general\">\n\t\t\t\t\t\t\t\t\t<h2 class=\"has-text-align-center\">Recommendations in general<\/h2>\n\t\t\t\t\t\t\t\t\t<div class=\"has-text-align-center\"><\/div>\n\t\t\t\t\t\t\t\t\t\n\t\t\t\t\t\t\t\t\t<div style=\"height:50px\" aria-hidden=\"true\" class=\"wp-block-spacer\"><\/div>\n\t\t\t\t\t\t\t\t\t\n\t\t\t\t\t\t\t\t\t<div class=\"faq-accordion\">\n\t\t\t\t\t\t\t\t\t\t\t\t\t\t\t\t\t\t\t\t\n\t\t\t\t\t\t\t\t\t\t\t\t\t\t\t\t\t\t\t\t\t\t\t\t\t\t\t\t\t\t\t\t\n\t\t\t\t\t\t\t\t\t\t\t<div class=\"accordion-item\">\n\t\t\t\t\t\t\t\t\t\t\t\t\n\t\n\t\n\t<article id=\"post-2005\" class=\"post post-type-faq post-view-teaser post-scope- status-publish faqcategory-recommendations-in-general clear article-faq element-article template-article-faq\">\n\t\n\t\t<h2 class=\"title has-medium-font-size accordion-header\">\n\t\t\tWhy are AWSI&#8217;s recommendations not species-specific if the requirements of different fish species are so different?\t\t<\/h2>\n\t\t\t\t\n\t\t\t\t \n\t\t\t<div class=\"field field-body accordion-content clear\">\n\t\t\t\t\n<p>As a first step, AWSI has identified the most important areas for the welfare of aquatic life and developed general recommendations. These apply generally to every farm and every species cultivated. Implementing them internationally is in itself a major step forward for animal welfare in aquaculture.<\/p>\n\n\n\n<p>In the upcoming implementation of the general recommendations in training courses suitable for operations, it is necessary to take into account species-specific characteristics. For example, percussive stunning (knocking) is only appropriate for certain fish species in terms of animal welfare, but less so for others. AWSI works with research institutions and technology providers to incorporate new scientific knowledge and technical innovations into its recommendations.<\/p>\n\t\t\t<\/div>\n\t\t\t\n\t<\/article>\n\n\t\t\t\t\t\t\t\t\t\t\t<\/div>\n\t\t\t\t\t\t\t\t\t\t\t\n\t\t\t\t\t\t\t\t\t\t\t\t\t\t\t\t\t\t\t\t\t\t\t\t\t\t\t\t\t\t\t\t\n\t\t\t\t\t\t\t\t\t\t\t<div class=\"accordion-item\">\n\t\t\t\t\t\t\t\t\t\t\t\t\n\t\n\t\n\t<article id=\"post-2007\" class=\"post post-type-faq post-view-teaser post-scope- status-publish faqcategory-recommendations-in-general clear article-faq element-article template-article-faq\">\n\t\n\t\t<h2 class=\"title has-medium-font-size accordion-header\">\n\t\t\tWhy doesn&#8217;t AWSI make specific recommendations on stocking density?\t\t<\/h2>\n\t\t\t\t\n\t\t\t\t \n\t\t\t<div class=\"field field-body accordion-content clear\">\n\t\t\t\t\n<p>The stocking density must always take the species and age of the fish being raised into consideration. What seems beneficial for one species can be fatal for another, and young fish often join together to form schools, while older conspecifics tend to claim a territory for themselves.<\/p>\n\n\n\n<p>Excessive stocking densities in an aquaculture environment can lead to crowding, stress and injury, while too low stocking densities can trigger territorial behavior in some species. Both must be avoided. Furthermore, available water supply and exchange, as well as water quality, must be considered when determining stocking densities. The more animals live in a water body &#8211; pond, basin &#8211; the faster the water quality can deteriorate.<\/p>\n\n\n\n<p>Ultimately, the level of stocking density that does not lead to conditions in a farm that are detrimental to animal welfare also depends on the quality of farm management. A fish farm with optimally trained employees who recognize harmful changes in time and successfully counteract them can work with higher stocking densities without any problems than a poorly managed farm.<\/p>\n\n\n\n<p><\/p>\n\t\t\t<\/div>\n\t\t\t\n\t<\/article>\n\n\t\t\t\t\t\t\t\t\t\t\t<\/div>\n\t\t\t\t\t\t\t\t\t\t\t\n\t\t\t\t\t\t\t\t\t\t\t\t\t\t\t\t\t\t\t<\/div>\n\t\t\t\t\t\t\t\t\t\t\n\t\t\t\t\t\t\t\t\t\n\t\t\t\t\t\t\t\t\t<div style=\"height:100px\" aria-hidden=\"true\" class=\"wp-block-spacer\"><\/div>\n\t\t\t\t\t\t\t\t<\/div>\n\t\t\t\t\t\t\t\t\t\t\t\t\t\t\n\t\t\t\t\t\t\t\t\t\t\t\t\n\t\t\t\t\t\t\t\t\t\t\t\t\t\t\n\t\t\t\t\t\t\t\t\t\t\t\t\t\t\t \t\t\n\t\t\t\t\t\t\t\t\t\t\t\t\t\t\t<div class=\"js-filter-item\" data-filter=\"transport-2\">\n\t\t\t\t\t\t\t\t\t<h2 class=\"has-text-align-center\">Transport<\/h2>\n\t\t\t\t\t\t\t\t\t<div class=\"has-text-align-center\"><\/div>\n\t\t\t\t\t\t\t\t\t\n\t\t\t\t\t\t\t\t\t<div style=\"height:50px\" aria-hidden=\"true\" class=\"wp-block-spacer\"><\/div>\n\t\t\t\t\t\t\t\t\t\n\t\t\t\t\t\t\t\t\t<div class=\"faq-accordion\">\n\t\t\t\t\t\t\t\t\t\t\t\t\t\t\t\t\t\t\t\t\n\t\t\t\t\t\t\t\t\t\t\t\t\t\t\t\t\t\t\t\t\t\t\t\t\t\t\t\t\t\t\t\t\n\t\t\t\t\t\t\t\t\t\t\t<div class=\"accordion-item\">\n\t\t\t\t\t\t\t\t\t\t\t\t\n\t\n\t\n\t<article id=\"post-2020\" class=\"post post-type-faq post-view-teaser post-scope- status-publish faqcategory-transport-2 clear article-faq element-article template-article-faq\">\n\t\n\t\t<h2 class=\"title has-medium-font-size accordion-header\">\n\t\t\tWhy is fish adaptation so important when changing from transport water to culture water?\t\t<\/h2>\n\t\t\t\t\n\t\t\t\t \n\t\t\t<div class=\"field field-body accordion-content clear\">\n\t\t\t\t\n<p>Culture and transport water should always have a similarly good water quality. If there are too great differences in water quality between transport and culture water, for example in temperature, oxygen saturation and the content of excretory products, a slow adaptation is necessary to avoid stress reactions of the animals.<\/p>\n\t\t\t<\/div>\n\t\t\t\n\t<\/article>\n\n\t\t\t\t\t\t\t\t\t\t\t<\/div>\n\t\t\t\t\t\t\t\t\t\t\t\n\t\t\t\t\t\t\t\t\t\t\t\t\t\t\t\t\t\t\t<\/div>\n\t\t\t\t\t\t\t\t\t\t\n\t\t\t\t\t\t\t\t\t\n\t\t\t\t\t\t\t\t\t<div style=\"height:100px\" aria-hidden=\"true\" class=\"wp-block-spacer\"><\/div>\n\t\t\t\t\t\t\t\t<\/div>\n\t\t\t\t\t\t\t\t\t\t\t\t\t\t\n\t\t\t\t\t\t\t\t\t\t\t<\/div>\n\t\t\t\t\t\t\t\n\t\t\t\t\t\t\n\t\t\t\n\n\t\t\t\n\t\t<\/div>\n\t\n\n\n<div style=\"height:50px\" aria-hidden=\"true\" class=\"wp-block-spacer\"><\/div>\n\n\n\n<h2 class=\"has-text-align-center wp-block-heading\" id=\"answer-not-found\">Answer not found?<\/h2>\n\n\n\n<p class=\"has-text-align-center has-medium-font-size\">Email us at <a href=\"mailto:&#102;&#114;ag&#101;n&#064;&#097;q&#117;&#097;&#099;&#117;l&#116;&#117;&#114;e-w&#101;lf&#097;re&#045;&#115;ta&#110;dar&#100;s&#046;&#110;&#101;&#116;\">&#102;&#114;&#097;&#103;&#101;n&#064;a&#113;ua&#099;&#117;&#108;&#116;u&#114;e-&#119;e&#108;&#102;&#097;&#114;&#101;&#045;&#115;t&#097;&#110;&#100;&#097;&#114;&#100;&#115;.net<\/a> to ask your question.<\/p>\n","protected":false},"excerpt":{"rendered":"<p>Answer not found? <\/p>\n<p >Email us at <a href=\"mailto:&#102;rag&#101;n&#064;&#097;q&#117;&#097;cu&#108;tu&#114;&#101;&#045;w&#101;l&#102;&#097;&#114;&#101;&#045;&#115;t&#097;n&#100;&#097;&#114;d&#115;&#046;net\"><\/a> to ask your question.<\/p>\n","protected":false},"author":7,"featured_media":0,"parent":0,"menu_order":7,"comment_status":"closed","ping_status":"closed","template":"","meta":{"_acf_changed":false,"footnotes":""},"class_list":["post post-type-page post-view-teaser post-scope-","status-publish","clear"],"acf":[],"_links":{"self":[{"href":"https:\/\/www.aquaculture-welfare-standards.net\/en\/wp-json\/wp\/v2\/pages\/2000","targetHints":{"allow":["GET"]}}],"collection":[{"href":"https:\/\/www.aquaculture-welfare-standards.net\/en\/wp-json\/wp\/v2\/pages"}],"about":[{"href":"https:\/\/www.aquaculture-welfare-standards.net\/en\/wp-json\/wp\/v2\/types\/page"}],"author":[{"embeddable":true,"href":"https:\/\/www.aquaculture-welfare-standards.net\/en\/wp-json\/wp\/v2\/users\/7"}],"replies":[{"embeddable":true,"href":"https:\/\/www.aquaculture-welfare-standards.net\/en\/wp-json\/wp\/v2\/comments?post=2000"}],"version-history":[{"count":3,"href":"https:\/\/www.aquaculture-welfare-standards.net\/en\/wp-json\/wp\/v2\/pages\/2000\/revisions"}],"predecessor-version":[{"id":2192,"href":"https:\/\/www.aquaculture-welfare-standards.net\/en\/wp-json\/wp\/v2\/pages\/2000\/revisions\/2192"}],"wp:attachment":[{"href":"https:\/\/www.aquaculture-welfare-standards.net\/en\/wp-json\/wp\/v2\/media?parent=2000"}],"curies":[{"name":"wp","href":"https:\/\/api.w.org\/{rel}","templated":true}]}}